{"id":351,"date":"2021-03-03T16:48:14","date_gmt":"2021-03-03T15:48:14","guid":{"rendered":"http:\/\/qkkfdlo.cluster030.hosting.ovh.net\/?page_id=351"},"modified":"2021-03-08T14:42:22","modified_gmt":"2021-03-08T13:42:22","slug":"artists-connected","status":"publish","type":"page","link":"https:\/\/www.iris-kasper.at\/en\/artists-connected\/","title":{"rendered":"artists CONNECTED"},"content":{"rendered":"<p style=\"text-align: center;\">Kuratiert vom contemporary collective graz<\/p>\n<p style=\"text-align: center;\">Oktober 2015<\/p>\n<p style=\"text-align: center;\">Institut f\u00fcr Zeitverschiebung<br \/>\nGlacisstra\u00dfe 35<br \/>\n8010 Graz<\/p>\n<p style=\"text-align: center;\">In Kooperation mit dem Daily Rhythms Collective<\/p>\n<p>&nbsp;<\/p>\n<p style=\"text-align: center;\"><strong>Beteiligte K\u00fcnstler*innen:<\/strong> Alexandra Gschiel (AT), Elisabeth Gschiel (AT), Lilly Hagg (AT), Severin Hirsch (SI\/AT), Doris Jauk-Hinz (AT), Renate Kordon (AT), Renate Krammer (AT), Irmgard Schaumberger (AT), Ulla Sladek (AT), Edda Strobl (AT), Tuuli Sund\u00e9n-Uusim\u00e4ki (FI\/AT), Helene Th\u00fcmmel (AT), Eva Ursprung (AT), David Donnelly (AT), Daphna Weinstein (IL), Inka Ylikotila (FI\/AT)<\/p>\n<p>&nbsp;<\/p>\n<p style=\"text-align: center;\"><strong>contemporary collective graz<\/strong><br \/>\nDas \u201ccontemporary collective graz\u201d hat sich das Ziel\u00a0gesetzt eine Plattform der Vernetzung aufzubauen. Interdisziplin\u00e4res Arbeiten ist die gew\u00e4hlte Methode: Geisteswissenschaftler\/innen aller Art sollen mit K\u00fcnstler\/innen, Literat\/innen, Musiker\/innen und anderen kreativen K\u00f6pfen in einen Dialog treten. Nicht nur die Wissenschaften sollen im Sinne der Interdisziplinarit\u00e4t miteinander vernetzt werden, auch die Verbindung von Theorie und Praxis und die daraus resultierenden unterschiedlichen Perspektiven spielen eine signifikante Rolle. Die Ergebnisse dieser Zusammenarbeit zu verschiedenen Themen sollen in Form von Ausstellungsprojekten pr\u00e4sentiert werden. Die \u201cVernetzung des Geistes\u201d ist eine logische Folge der Globalisierung: die ganze Welt hat ihre Systeme globalisiert \u2013 warum nicht auch den Geist? Nur durch kollektiven Austausch ist es m\u00f6glich zeitgen\u00f6ssische Ph\u00e4nomene zu (be)greifen und kulturelles Erbe zu generieren. Nur gemeinsam k\u00f6nnen wir Diskussionen anfangen, die zu Diskursen werden.<\/p>\n<p>&nbsp;<\/p>\n<p style=\"text-align: center;\"><strong>Ausstellung &#8211; artists CONNECTED<\/strong><br \/>\nIn diesem ersten Ausstellungsprojekt \u201cartists CONNECTED\u201d werden Feminismen innerhalb der zeitgen\u00f6ssischen Kunst untersucht. Im Sinne einer ph\u00e4nomenologischen Kunstinterpretation verdeutlichen die, von den Kunstwerken aufgezeigten, verschiedenen Perspektiven die Ambivalenz dieser Thematik. Aktuelle Tendenzen der zeitgen\u00f6ssischen Kunst, wie das Material des Textilen oder leuchtende Neonfarben werden ebenso greifbar wie aktuelle gesellschaftspolitische oder museale Fragestellungen innerhalb dieses Kontextes. Trotz aller Differenzen werden in den hier pr\u00e4sentierten Werken Konvergenzen greifbar: \u00fcberraschend oft spielt Selbsterkenntnis und Selbstbewusstsein, ob als Frau oder K\u00fcnstlerin, eine entscheidende Rolle in der k\u00fcnstlerischen Aussage und der weibliche K\u00f6rper \/ Weiblichkeit ist mehr tats\u00e4chlicher Inhalt der Darstellung als Motiv. Au\u00dferdem sticht auch das narrative Element immer wieder pr\u00e4gnant hervor.<\/p>\n<p>&nbsp;<\/p>\n<p style=\"text-align: center;\"><strong>Danksagung<\/strong><br \/>\nGanz besonderen Dank m\u00f6chten wir Renate Kordon und dem Institut f\u00fcr Zeit<em>verschiebung<\/em>, sowie dem Daily Rhythms Collective aussprechen. Au\u00dferdem danken wir der Galerie Eugen Lendl sowie dem esc medien kunst labor, die uns in der Not ausgeholfen haben. Zus\u00e4tzlich bedanken wir uns bei all den K\u00fcnstler\/innen f\u00fcr die gro\u00dfartige Unterst\u00fctzung, ohne sie w\u00e4re dieser Abend nicht m\u00f6glich gewesen. Ganz herzlich bedanken wir uns auch bei Gerti Kristandl und dem Gasthaus zur Sonne, die gro\u00dfz\u00fcgig f\u00fcr die Verkostung der G\u00e4ste gesorgt hat. Zuletzt danken wir nat\u00fcrlich noch dem Kulturamt der Stadt Graz, insbesondere Kulturstadtr\u00e4tin Lisa R\u00fccker.<\/p>\n<div id='gallery-1' class='gallery galleryid-351 gallery-columns-3 gallery-size-thumbnail'><figure class='gallery-item'>\n\t\t\t<div class='gallery-icon landscape'>\n\t\t\t\t<a href='https:\/\/www.iris-kasper.at\/en\/artists-connected\/11238262_399431380255401_533342245258110700_o\/'><img width=\"150\" height=\"150\" src=\"https:\/\/www.iris-kasper.at\/wp-content\/uploads\/2021\/03\/11238262_399431380255401_533342245258110700_o-150x150.jpg\" class=\"attachment-thumbnail size-thumbnail\" alt=\"\" decoding=\"async\" loading=\"lazy\" \/><\/a>\n\t\t\t<\/div><\/figure><figure class='gallery-item'>\n\t\t\t<div class='gallery-icon landscape'>\n\t\t\t\t<a href='https:\/\/www.iris-kasper.at\/en\/artists-connected\/10484608_399431963588676_1274969303795020162_o\/'><img width=\"150\" height=\"150\" src=\"https:\/\/www.iris-kasper.at\/wp-content\/uploads\/2021\/03\/10484608_399431963588676_1274969303795020162_o-150x150.jpg\" class=\"attachment-thumbnail size-thumbnail\" alt=\"\" decoding=\"async\" loading=\"lazy\" \/><\/a>\n\t\t\t<\/div><\/figure><figure class='gallery-item'>\n\t\t\t<div class='gallery-icon landscape'>\n\t\t\t\t<a href='https:\/\/www.iris-kasper.at\/en\/artists-connected\/12028665_399432430255296_7284890117701085553_o\/'><img width=\"150\" height=\"150\" src=\"https:\/\/www.iris-kasper.at\/wp-content\/uploads\/2021\/03\/12028665_399432430255296_7284890117701085553_o-150x150.jpg\" class=\"attachment-thumbnail size-thumbnail\" alt=\"\" decoding=\"async\" loading=\"lazy\" \/><\/a>\n\t\t\t<\/div><\/figure><figure class='gallery-item'>\n\t\t\t<div class='gallery-icon portrait'>\n\t\t\t\t<a href='https:\/\/www.iris-kasper.at\/en\/artists-connected\/12079169_399431456922060_1181239421508905602_n\/'><img width=\"150\" height=\"150\" src=\"https:\/\/www.iris-kasper.at\/wp-content\/uploads\/2021\/03\/12079169_399431456922060_1181239421508905602_n-150x150.jpg\" class=\"attachment-thumbnail size-thumbnail\" alt=\"\" decoding=\"async\" loading=\"lazy\" \/><\/a>\n\t\t\t<\/div><\/figure><figure class='gallery-item'>\n\t\t\t<div class='gallery-icon landscape'>\n\t\t\t\t<a href='https:\/\/www.iris-kasper.at\/en\/artists-connected\/12087027_399431656922040_3807043377508319614_o\/'><img width=\"150\" height=\"150\" src=\"https:\/\/www.iris-kasper.at\/wp-content\/uploads\/2021\/03\/12087027_399431656922040_3807043377508319614_o-150x150.jpg\" class=\"attachment-thumbnail size-thumbnail\" alt=\"\" decoding=\"async\" loading=\"lazy\" \/><\/a>\n\t\t\t<\/div><\/figure><figure class='gallery-item'>\n\t\t\t<div class='gallery-icon portrait'>\n\t\t\t\t<a href='https:\/\/www.iris-kasper.at\/en\/artists-connected\/12112326_399431556922050_3414430178493358142_n\/'><img width=\"150\" height=\"150\" src=\"https:\/\/www.iris-kasper.at\/wp-content\/uploads\/2021\/03\/12112326_399431556922050_3414430178493358142_n-150x150.jpg\" class=\"attachment-thumbnail size-thumbnail\" alt=\"\" decoding=\"async\" loading=\"lazy\" \/><\/a>\n\t\t\t<\/div><\/figure><figure class='gallery-item'>\n\t\t\t<div class='gallery-icon landscape'>\n\t\t\t\t<a href='https:\/\/www.iris-kasper.at\/en\/artists-connected\/12120024_399431713588701_1316932576554441856_o\/'><img width=\"150\" height=\"150\" src=\"https:\/\/www.iris-kasper.at\/wp-content\/uploads\/2021\/03\/12120024_399431713588701_1316932576554441856_o-150x150.jpg\" class=\"attachment-thumbnail size-thumbnail\" alt=\"\" decoding=\"async\" loading=\"lazy\" \/><\/a>\n\t\t\t<\/div><\/figure><figure class='gallery-item'>\n\t\t\t<div class='gallery-icon landscape'>\n\t\t\t\t<a href='https:\/\/www.iris-kasper.at\/en\/artists-connected\/12120153_399431613588711_3745110888224314949_o\/'><img width=\"150\" height=\"150\" src=\"https:\/\/www.iris-kasper.at\/wp-content\/uploads\/2021\/03\/12120153_399431613588711_3745110888224314949_o-150x150.jpg\" class=\"attachment-thumbnail size-thumbnail\" alt=\"\" decoding=\"async\" loading=\"lazy\" \/><\/a>\n\t\t\t<\/div><\/figure><figure class='gallery-item'>\n\t\t\t<div class='gallery-icon landscape'>\n\t\t\t\t<a href='https:\/\/www.iris-kasper.at\/en\/artists-connected\/12140122_399431586922047_166285749423170335_o\/'><img width=\"150\" height=\"150\" src=\"https:\/\/www.iris-kasper.at\/wp-content\/uploads\/2021\/03\/12140122_399431586922047_166285749423170335_o-150x150.jpg\" class=\"attachment-thumbnail size-thumbnail\" alt=\"\" decoding=\"async\" loading=\"lazy\" \/><\/a>\n\t\t\t<\/div><\/figure>\n\t\t<\/div>\n\n","protected":false},"excerpt":{"rendered":"<p>Curated by contemporary collective graz October 2015 Institut f\u00fcr Zeitverschiebung Glacisstra\u00dfe 35 8010 Graz Austria In Cooperation with The Daily Rhythms Collective &nbsp; Participating artists: Alexandra Gschiel (AT), Elisabeth Gschiel (AT), Lilly Hagg (AT), Severin Hirsch (SI\/AT), Doris Jauk-Hinz (AT), Renate Kordon (AT), Renate Krammer (AT), Irmgard Schaumberger (AT), Ulla Sladek (AT), Edda Strobl (AT),&#8230;<\/p>\n","protected":false},"author":1,"featured_media":0,"parent":0,"menu_order":0,"comment_status":"closed","ping_status":"closed","template":"","meta":{"_vp_format_video_url":"","_vp_image_focal_point":[]},"_links":{"self":[{"href":"https:\/\/www.iris-kasper.at\/en\/wp-json\/wp\/v2\/pages\/351"}],"collection":[{"href":"https:\/\/www.iris-kasper.at\/en\/wp-json\/wp\/v2\/pages"}],"about":[{"href":"https:\/\/www.iris-kasper.at\/en\/wp-json\/wp\/v2\/types\/page"}],"author":[{"embeddable":true,"href":"https:\/\/www.iris-kasper.at\/en\/wp-json\/wp\/v2\/users\/1"}],"replies":[{"embeddable":true,"href":"https:\/\/www.iris-kasper.at\/en\/wp-json\/wp\/v2\/comments?post=351"}],"version-history":[{"count":22,"href":"https:\/\/www.iris-kasper.at\/en\/wp-json\/wp\/v2\/pages\/351\/revisions"}],"predecessor-version":[{"id":417,"href":"https:\/\/www.iris-kasper.at\/en\/wp-json\/wp\/v2\/pages\/351\/revisions\/417"}],"wp:attachment":[{"href":"https:\/\/www.iris-kasper.at\/en\/wp-json\/wp\/v2\/media?parent=351"}],"curies":[{"name":"wp","href":"https:\/\/api.w.org\/{rel}","templated":true}]}}