{"id":521,"date":"2021-08-20T16:01:29","date_gmt":"2021-08-20T14:01:29","guid":{"rendered":"https:\/\/www.iris-kasper.at\/?page_id=521"},"modified":"2021-08-20T21:45:37","modified_gmt":"2021-08-20T19:45:37","slug":"on-the-other-side","status":"publish","type":"page","link":"https:\/\/www.iris-kasper.at\/en\/on-the-other-side\/","title":{"rendered":"ON THE OTHER SIDE"},"content":{"rendered":"<p style=\"text-align: center;\"><strong>co- kuratiert mit Savse Mtvare\u00a0<\/strong><\/p>\n<p style=\"text-align: center;\"><strong>19. \u2013 24. Juni 2021<\/strong><\/p>\n<p style=\"text-align: center;\"><strong>CCA Center of Contemporary Art \u2013 Tbilisi<\/strong><br \/>\n<strong>10, D.Abashidze st. Tbilisi<\/strong><\/p>\n<p style=\"text-align: center;\"><strong>K\u00fcnstlerinnen:<\/strong><br \/>\nNutsa Esebua, Natia Benashvili, Teona Yamanidze<\/p>\n<p style=\"text-align: center;\">Die Ausstellung \u201eON THE OTHER SIDE\u201c besch\u00e4ftigt sich mit Grenz\u00fcberschreitungen in verschiedensten Kontexten. Im allt\u00e4glichen Leben begegnen uns oft Barrieren oder Einschr\u00e4nkungen, seien es nationale Grenzen, oder aber auch Beschr\u00e4nkungen der menschlichen Vorstellungskraft oder der menschlichen Physis. Besonders sp\u00fcrbar war dieses Ph\u00e4nomen nicht zuletzt auch in den Pandemie-bedingten Lockdowns. Begrenzungen manifestieren sich physisch durch zwei polare Seiten: ein Drinnen oder Drau\u00dfen, ein Hier oder Dort. Einerseits kann eine Grenze Schutz nach au\u00dfen sein, andererseits eine un\u00fcberwindbare Barriere.<\/p>\n<p style=\"text-align: center;\">Nutsa Esebuas Arbeiten zeigen Studien eines sich grenzenlos ausbreitenden Geflechts ineinander verwebter Linien des Zauns, welcher dazu anregt, \u00fcberwunden zu werden, was nicht zuletzt auch durch die Erscheinung eines Vogels angedeutet wird. Formensprachlich daran angelehnte unkontrolliert wildwuchernde B\u00e4ume, mit Ver\u00e4stelungen, die sich gen Himmel strecken und miteinander verflochten sind, scheinen alle Hindernisse zu \u00fcberwinden. Stets auf der Suche nach der Weite, vielleicht auch nach der anderen Seite. Von Johannes Ittens Farbtheorie inspirierte Kubus-Formationen stellen Komplement\u00e4rfarben gegen\u00fcber, verbildlichen Prozesse des Zusammenkommens.<\/p>\n<p style=\"text-align: center;\">Natia Benashvilis Arbeiten sind inspiriert von den Stadien alchemistischer Transformationsprozesse, in denen kubische Formationen wiederholt erscheinen. Damit wird das Innerliche, das sich wandelnde Selbst und seine verschiedenen Phasen versinnbildlicht. Die Konfrontation mit einer Barriere, sei sie physisch oder mental, l\u00f6st einen innerlichen Prozess aus, der wiederum auf unsere Interkation mit dem Au\u00dfen einwirkt. Abstrakte humanoide Wesen scheinen konzentriert, in sich gekehrt und ganz bei sich zu sein, im Moment einer innerlichen Weiterentwicklung begriffen.<\/p>\n<p style=\"text-align: center;\">Teona Yamanidzes Arbeiten bilden die physische Einrichtung einer Wohnung ab und er\u00f6ffnen Einblicke in parallele Welten, in die sich ihre Bewohner*innen fl\u00fcchten. Die teilweise verblichen erscheinende Oberfl\u00e4che ihrer Bilder gibt ihren realistischen Malereien einen unwirklichen Touch, eine mystische Erscheinung, als w\u00e4re die Szene ein Traum oder eine verblichene Erinnerung. Teilweise scheint das Interieur verlassen, in einigen Szenen tauchen Menschen auf, den Blick in Monitore gerichtet oder tr\u00e4umend.<\/p>\n<p style=\"text-align: center;\">\u201eON THE OTHER SIDE\u201c vereint Malereien und Zeichnungen, die der Auseinandersetzung mit Grenzen und deren \u00dcberschreitung gewidmet sind. Innerliche und \u00e4u\u00dferliche Prozesse k\u00f6nnen letztendlich neue Perspektiven er\u00f6ffnen.<\/p>\n<p style=\"text-align: center;\">Text: Iris Kasper<\/p>\n<p style=\"text-align: center;\">Unterst\u00fctzt durch Atelier-Auslandsstipendium des Landes Steiermark, GeoAir und CCA Center of Contemporary Art &#8211; Tbilisi.<\/p>\n<div id='gallery-1' class='gallery galleryid-521 gallery-columns-3 gallery-size-thumbnail'><figure class='gallery-item'>\n\t\t\t<div class='gallery-icon landscape'>\n\t\t\t\t<a href='https:\/\/www.iris-kasper.at\/en\/_dsc5921\/'><img width=\"150\" height=\"150\" src=\"https:\/\/www.iris-kasper.at\/wp-content\/uploads\/2021\/08\/DSC5921-150x150.jpg\" class=\"attachment-thumbnail size-thumbnail\" alt=\"\" decoding=\"async\" loading=\"lazy\" aria-describedby=\"gallery-1-532\" \/><\/a>\n\t\t\t<\/div>\n\t\t\t\t<figcaption class='wp-caption-text gallery-caption' id='gallery-1-532'>\n\t\t\t\tFoto: Sandro Sulaberidze\n\t\t\t\t<\/figcaption><\/figure><figure class='gallery-item'>\n\t\t\t<div class='gallery-icon landscape'>\n\t\t\t\t<a href='https:\/\/www.iris-kasper.at\/en\/_dsc5914\/'><img width=\"150\" height=\"150\" src=\"https:\/\/www.iris-kasper.at\/wp-content\/uploads\/2021\/08\/DSC5914-150x150.jpg\" class=\"attachment-thumbnail size-thumbnail\" alt=\"\" decoding=\"async\" loading=\"lazy\" aria-describedby=\"gallery-1-529\" \/><\/a>\n\t\t\t<\/div>\n\t\t\t\t<figcaption class='wp-caption-text gallery-caption' id='gallery-1-529'>\n\t\t\t\tFoto: Sandro Sulaberidze\n\t\t\t\t<\/figcaption><\/figure><figure class='gallery-item'>\n\t\t\t<div class='gallery-icon landscape'>\n\t\t\t\t<a href='https:\/\/www.iris-kasper.at\/en\/_dsc5916\/'><img width=\"150\" height=\"150\" src=\"https:\/\/www.iris-kasper.at\/wp-content\/uploads\/2021\/08\/DSC5916-150x150.jpg\" class=\"attachment-thumbnail size-thumbnail\" alt=\"\" decoding=\"async\" loading=\"lazy\" aria-describedby=\"gallery-1-530\" \/><\/a>\n\t\t\t<\/div>\n\t\t\t\t<figcaption class='wp-caption-text gallery-caption' id='gallery-1-530'>\n\t\t\t\tFoto: Sandro Sulaberidze\n\t\t\t\t<\/figcaption><\/figure><figure class='gallery-item'>\n\t\t\t<div class='gallery-icon landscape'>\n\t\t\t\t<a href='https:\/\/www.iris-kasper.at\/en\/_dsc5917\/'><img width=\"150\" height=\"150\" src=\"https:\/\/www.iris-kasper.at\/wp-content\/uploads\/2021\/08\/DSC5917-150x150.jpg\" class=\"attachment-thumbnail size-thumbnail\" alt=\"\" decoding=\"async\" loading=\"lazy\" aria-describedby=\"gallery-1-531\" \/><\/a>\n\t\t\t<\/div>\n\t\t\t\t<figcaption class='wp-caption-text gallery-caption' id='gallery-1-531'>\n\t\t\t\tFoto: Sandro Sulaberidze\n\t\t\t\t<\/figcaption><\/figure><figure class='gallery-item'>\n\t\t\t<div class='gallery-icon landscape'>\n\t\t\t\t<a href='https:\/\/www.iris-kasper.at\/en\/_dsc5931\/'><img width=\"150\" height=\"150\" src=\"https:\/\/www.iris-kasper.at\/wp-content\/uploads\/2021\/08\/DSC5931-150x150.jpg\" class=\"attachment-thumbnail size-thumbnail\" alt=\"\" decoding=\"async\" loading=\"lazy\" aria-describedby=\"gallery-1-534\" \/><\/a>\n\t\t\t<\/div>\n\t\t\t\t<figcaption class='wp-caption-text gallery-caption' id='gallery-1-534'>\n\t\t\t\tFoto: Sandro Sulaberidze\n\t\t\t\t<\/figcaption><\/figure><figure class='gallery-item'>\n\t\t\t<div class='gallery-icon landscape'>\n\t\t\t\t<a href='https:\/\/www.iris-kasper.at\/en\/_dsc5938\/'><img width=\"150\" height=\"150\" src=\"https:\/\/www.iris-kasper.at\/wp-content\/uploads\/2021\/08\/DSC5938-150x150.jpg\" class=\"attachment-thumbnail size-thumbnail\" alt=\"\" decoding=\"async\" loading=\"lazy\" aria-describedby=\"gallery-1-536\" \/><\/a>\n\t\t\t<\/div>\n\t\t\t\t<figcaption class='wp-caption-text gallery-caption' id='gallery-1-536'>\n\t\t\t\tFoto: Sandro Sulaberidze\n\t\t\t\t<\/figcaption><\/figure><figure class='gallery-item'>\n\t\t\t<div class='gallery-icon landscape'>\n\t\t\t\t<a href='https:\/\/www.iris-kasper.at\/en\/_dsc5939\/'><img width=\"150\" height=\"150\" src=\"https:\/\/www.iris-kasper.at\/wp-content\/uploads\/2021\/08\/DSC5939-150x150.jpg\" class=\"attachment-thumbnail size-thumbnail\" alt=\"\" decoding=\"async\" loading=\"lazy\" aria-describedby=\"gallery-1-537\" \/><\/a>\n\t\t\t<\/div>\n\t\t\t\t<figcaption class='wp-caption-text gallery-caption' id='gallery-1-537'>\n\t\t\t\tFoto: Sandro Sulaberidze\n\t\t\t\t<\/figcaption><\/figure><figure class='gallery-item'>\n\t\t\t<div class='gallery-icon landscape'>\n\t\t\t\t<a href='https:\/\/www.iris-kasper.at\/en\/_dsc5943\/'><img width=\"150\" height=\"150\" src=\"https:\/\/www.iris-kasper.at\/wp-content\/uploads\/2021\/08\/DSC5943-150x150.jpg\" class=\"attachment-thumbnail size-thumbnail\" alt=\"\" decoding=\"async\" loading=\"lazy\" aria-describedby=\"gallery-1-538\" \/><\/a>\n\t\t\t<\/div>\n\t\t\t\t<figcaption class='wp-caption-text gallery-caption' id='gallery-1-538'>\n\t\t\t\tFoto: Sandro Sulaberidze\n\t\t\t\t<\/figcaption><\/figure><figure class='gallery-item'>\n\t\t\t<div class='gallery-icon landscape'>\n\t\t\t\t<a href='https:\/\/www.iris-kasper.at\/en\/_dsc6001\/'><img width=\"150\" height=\"150\" src=\"https:\/\/www.iris-kasper.at\/wp-content\/uploads\/2021\/08\/DSC6001-150x150.jpg\" class=\"attachment-thumbnail size-thumbnail\" alt=\"\" decoding=\"async\" loading=\"lazy\" aria-describedby=\"gallery-1-539\" \/><\/a>\n\t\t\t<\/div>\n\t\t\t\t<figcaption class='wp-caption-text gallery-caption' id='gallery-1-539'>\n\t\t\t\tFoto: Sandro Sulaberidze\n\t\t\t\t<\/figcaption><\/figure>\n\t\t<\/div>\n\n","protected":false},"excerpt":{"rendered":"<p>co- curated with Savse Mtvare\u00a0 19. \u2013 24. June 2021 CCA Center of Contemporary Art \u2013 Tbilisi 10, D.Abashidze st. Tbilisi Artists: Nutsa Esebua, Natia Benashvili, Teona Yamanidze The exhibition \u201cON THE OTHER SIDE\u201d focuses on going beyond limits in a wide variety of contexts. In everyday life we often experience barriers or restrictions, be&#8230;<\/p>\n","protected":false},"author":1,"featured_media":0,"parent":0,"menu_order":0,"comment_status":"closed","ping_status":"closed","template":"","meta":{"_vp_format_video_url":"","_vp_image_focal_point":[]},"_links":{"self":[{"href":"https:\/\/www.iris-kasper.at\/en\/wp-json\/wp\/v2\/pages\/521"}],"collection":[{"href":"https:\/\/www.iris-kasper.at\/en\/wp-json\/wp\/v2\/pages"}],"about":[{"href":"https:\/\/www.iris-kasper.at\/en\/wp-json\/wp\/v2\/types\/page"}],"author":[{"embeddable":true,"href":"https:\/\/www.iris-kasper.at\/en\/wp-json\/wp\/v2\/users\/1"}],"replies":[{"embeddable":true,"href":"https:\/\/www.iris-kasper.at\/en\/wp-json\/wp\/v2\/comments?post=521"}],"version-history":[{"count":7,"href":"https:\/\/www.iris-kasper.at\/en\/wp-json\/wp\/v2\/pages\/521\/revisions"}],"predecessor-version":[{"id":540,"href":"https:\/\/www.iris-kasper.at\/en\/wp-json\/wp\/v2\/pages\/521\/revisions\/540"}],"wp:attachment":[{"href":"https:\/\/www.iris-kasper.at\/en\/wp-json\/wp\/v2\/media?parent=521"}],"curies":[{"name":"wp","href":"https:\/\/api.w.org\/{rel}","templated":true}]}}